{"id":579,"date":"2018-04-13T19:24:38","date_gmt":"2018-04-13T16:24:38","guid":{"rendered":"http:\/\/demo.cizoglubilisim.com\/EsenKurumsal\/?page_id=2"},"modified":"2024-01-21T18:08:05","modified_gmt":"2024-01-21T15:08:05","slug":"iletisim","status":"publish","type":"page","link":"https:\/\/adaweb.net.tr\/?page_id=579","title":{"rendered":"\u0130leti\u015fim"},"content":{"rendered":"<div id=\"pl-579\"  class=\"panel-layout container\" ><div id=\"pg-579-0\"  class=\"panel-grid panel-no-style\" ><div id=\"pgc-579-0-0\"  class=\"panel-grid-cell\" ><div id=\"panel-579-0-0-0\" class=\"esn-panel p0 widget widget_esn_iletisim_sayfasi_widget panel-first-child panel-last-child\" data-index=\"0\" >\r\n\r\n\t<div class=\"container\">\r\n\t\t<div class=\"row\">\t\t\r\n\t\t\t<div class=\"col-md-8\">\r\n\t\r\n\t\t\t\t\t\n<div class=\"wpcf7 no-js\" id=\"wpcf7-f16-o1\" lang=\"tr-TR\" dir=\"ltr\" data-wpcf7-id=\"16\">\n<div class=\"screen-reader-response\"><p role=\"status\" aria-live=\"polite\" aria-atomic=\"true\"><\/p> <ul><\/ul><\/div>\n<form action=\"\/index.php?rest_route=%2Fwp%2Fv2%2Fpages%2F579#wpcf7-f16-o1\" method=\"post\" class=\"wpcf7-form init\" aria-label=\"\u0130leti\u015fim Formu\" novalidate=\"novalidate\" data-status=\"init\">\n<fieldset class=\"hidden-fields-container\"><input type=\"hidden\" name=\"_wpcf7\" value=\"16\" \/><input type=\"hidden\" name=\"_wpcf7_version\" value=\"6.1.5\" \/><input type=\"hidden\" name=\"_wpcf7_locale\" value=\"tr_TR\" \/><input type=\"hidden\" name=\"_wpcf7_unit_tag\" value=\"wpcf7-f16-o1\" \/><input type=\"hidden\" name=\"_wpcf7_container_post\" value=\"0\" \/><input type=\"hidden\" name=\"_wpcf7_posted_data_hash\" value=\"\" \/>\n<\/fieldset>\n<div class=\"contact-form-esn\">\n\t<div class=\"row p0\">\n\t\t<div class=\"col-sm-12\">\n\t\t\t<h2>Bize bir mesaj g\u00f6nderin\n\t\t\t<\/h2>\n\t\t<\/div>\n\t\t<div class=\"col-sm-6\">\n\t\t\t<p><label> Ad\u0131n\u0131z (gerekli)<br \/>\n<span class=\"wpcf7-form-control-wrap\" data-name=\"your-name\"><input size=\"40\" maxlength=\"400\" class=\"wpcf7-form-control wpcf7-text wpcf7-validates-as-required\" aria-required=\"true\" aria-invalid=\"false\" value=\"\" type=\"text\" name=\"your-name\" \/><\/span> <\/label>\n\t\t\t<\/p>\n\t\t<\/div>\n\t\t<div class=\"col-sm-6\">\n\t\t\t<p><label> Epostan\u0131z (gerekli)<br \/>\n<span class=\"wpcf7-form-control-wrap\" data-name=\"your-email\"><input size=\"40\" maxlength=\"400\" class=\"wpcf7-form-control wpcf7-email wpcf7-validates-as-required wpcf7-text wpcf7-validates-as-email\" aria-required=\"true\" aria-invalid=\"false\" value=\"\" type=\"email\" name=\"your-email\" \/><\/span> <\/label>\n\t\t\t<\/p>\n\t\t<\/div>\n\t\t<div class=\"col-sm-6\">\n\t\t\t<p><label> Telefon Numaran\u0131z<br \/>\n<span class=\"wpcf7-form-control-wrap\" data-name=\"tel-no\"><input size=\"40\" maxlength=\"400\" class=\"wpcf7-form-control wpcf7-tel wpcf7-text wpcf7-validates-as-tel\" aria-invalid=\"false\" value=\"\" type=\"tel\" name=\"tel-no\" \/><\/span> <\/label>\n\t\t\t<\/p>\n\t\t<\/div>\n\t\t<div class=\"col-sm-6\">\n\t\t\t<p><label> Konu<br \/>\n<span class=\"wpcf7-form-control-wrap\" data-name=\"your-subject\"><input size=\"40\" maxlength=\"400\" class=\"wpcf7-form-control wpcf7-text\" aria-invalid=\"false\" value=\"\" type=\"text\" name=\"your-subject\" \/><\/span> <\/label>\n\t\t\t<\/p>\n\t\t<\/div>\n\t\t<div class=\"col-sm-12\">\n\t\t\t<p><label> \u0130letiniz<br \/>\n<span class=\"wpcf7-form-control-wrap\" data-name=\"your-message\"><textarea cols=\"40\" rows=\"10\" maxlength=\"2000\" class=\"wpcf7-form-control wpcf7-textarea\" aria-invalid=\"false\" name=\"your-message\"><\/textarea><\/span> <\/label>\n\t\t\t<\/p>\n\t\t\t<p><input class=\"wpcf7-form-control wpcf7-submit has-spinner\" type=\"submit\" value=\"G\u00f6nder\" \/>\n\t\t\t<\/p>\n\t\t<\/div>\n\t<\/div>\n<\/div><div class=\"wpcf7-response-output\" aria-hidden=\"true\"><\/div>\n<\/form>\n<\/div>\n\r\n\t\t\t\t<\/div>\r\n\t\t\t\t\r\n\t\t\t\t\r\n<div class=\"col-md-4\">\t\r\n\r\n\t\t\t\t\r\n<div class=\"contact-right\">\r\n<h2>\u0130leti\u015fim Bilgileri<\/h2>\r\n<div class=\"adres-kap\">\n<div class=\"content-icon\"><i class=\"fa fa-map-marker\"><\/i><\/div>\n<div class=\"content-title\">Adres<\/div>\n<div class=\"content-desc\">\n\tMilli Egemenlik Caddesi No: 17\/1 \u00dcsk\u00fcdar \/ \u0130stanbul\n<\/div>\n<\/div>\n<div class=\"adres-kap\">\n<div class=\"content-icon\"><i class=\"fa fa-phone\"><\/i><\/div>\n<div class=\"content-title\">Telefon<\/div>\n<div class=\"content-desc\">\n\t<a href=\"tel:\/\/+90507-810-70-82\" class=\"footer_tel\">0 507 810 70 82<\/a><p><\/p>\n\n<\/div>\n<\/div>\n<div class=\"adres-kap\">\n<div class=\"content-icon\"><i class=\"fa fa-envelope-o\"><\/i><\/div>\n<div class=\"content-title\">E-Posta<\/div>\n<div class=\"content-desc\">bilgi@adaweb.net.tr\n<\/div>\n<\/div><\/div>\t\t\r\n\r\n\r\n\r\n\t<\/div> <!-- col-md-4 sonu -->\r\n\t\t\t<\/div> <!-- Row -->\t\t\t\r\n\t<\/div> <!-- container -->\r\n\r\n\t\r\n\t\r\n        <\/div><\/div><\/div><div id=\"pg-579-1\"  class=\"panel-grid panel-no-style\" ><div id=\"pgc-579-1-0\"  class=\"panel-grid-cell\" ><div id=\"panel-579-1-0-0\" class=\"esn-panel p0 widget widget_esn_harita panel-first-child panel-last-child\" data-index=\"1\" >\r\n<style scope>\r\n\r\n.harita_esn > iframe {\r\n\twidth:100%;\r\n\theight:400px;\r\n\t background-color: grey;\r\n}\r\n\r\n      #map {\r\n        width: 100%;\r\n        height: 400px;\r\n        background-color: grey;\r\n      }\r\n<\/style>\r\n\r\n\t<div class=\"container-fluid p0\">\r\n\r\n\t\t\r\n\t\t\t<div class=\"col-md-12 p0 harita_esn\">\r\n\t\r\n\t\t\t\t\t  <div id=\"map\"><\/div>\r\n\r\n\t\t\t<\/div> <!-- Row -->\r\n\t\t\t\t\r\n\t<\/div> <!-- container -->\r\n\r\n\t\r\n\t\r\n    <script>\r\n      function initMap() {\r\n        var uluru = {lat: 40.195844, lng: 29.093847};\r\n        var map = new google.maps.Map(document.getElementById('map'), {\r\n          zoom: 18,\r\n\t\t  scrollwheel: false,\r\n          center: uluru\r\n        });\r\n        var marker = new google.maps.Marker({\r\n          position: uluru,\r\n          map: map\r\n        });\r\n      }\r\n    <\/script>\r\n    <script async defer\r\n    src=\"https:\/\/maps.googleapis.com\/maps\/api\/js?key=AIzaSyAyoBq3ZiOfta9VDhAvF1dedUTFvXclB2I&callback=initMap\">\r\n    <\/script>\r\n\r\n\r\n        <\/div><\/div><\/div><\/div>","protected":false},"excerpt":{"rendered":"<p>Bize bir mesaj g\u00f6nderin Ad\u0131n\u0131z (gerekli) Epostan\u0131z (gerekli) Telefon Numaran\u0131z Konu \u0130letiniz \u0130leti\u015fim Bilgileri Adres Milli Egemenlik Caddesi No: 17\/1 \u00dcsk\u00fcdar \/ \u0130stanbul Telefon 0 507 810 70 82 E-Posta bilgi@adaweb.net.tr<\/p>\n","protected":false},"author":1,"featured_media":0,"parent":0,"menu_order":0,"comment_status":"closed","ping_status":"closed","template":"page-contact.php","meta":{"footnotes":""},"class_list":["post-579","page","type-page","status-publish","hentry"],"_links":{"self":[{"href":"https:\/\/adaweb.net.tr\/index.php?rest_route=\/wp\/v2\/pages\/579","targetHints":{"allow":["GET"]}}],"collection":[{"href":"https:\/\/adaweb.net.tr\/index.php?rest_route=\/wp\/v2\/pages"}],"about":[{"href":"https:\/\/adaweb.net.tr\/index.php?rest_route=\/wp\/v2\/types\/page"}],"author":[{"embeddable":true,"href":"https:\/\/adaweb.net.tr\/index.php?rest_route=\/wp\/v2\/users\/1"}],"replies":[{"embeddable":true,"href":"https:\/\/adaweb.net.tr\/index.php?rest_route=%2Fwp%2Fv2%2Fcomments&post=579"}],"version-history":[{"count":2,"href":"https:\/\/adaweb.net.tr\/index.php?rest_route=\/wp\/v2\/pages\/579\/revisions"}],"predecessor-version":[{"id":1387,"href":"https:\/\/adaweb.net.tr\/index.php?rest_route=\/wp\/v2\/pages\/579\/revisions\/1387"}],"wp:attachment":[{"href":"https:\/\/adaweb.net.tr\/index.php?rest_route=%2Fwp%2Fv2%2Fmedia&parent=579"}],"curies":[{"name":"wp","href":"https:\/\/api.w.org\/{rel}","templated":true}]}}